{"id":719,"date":"2020-04-23T13:28:25","date_gmt":"2020-04-23T13:28:25","guid":{"rendered":"https:\/\/www.solar-ticino.com\/fotovoltaico\/incentivi\/"},"modified":"2021-02-25T08:48:46","modified_gmt":"2021-02-25T08:48:46","slug":"zuschuesse","status":"publish","type":"page","link":"https:\/\/www.solar-ticino.com\/de\/photovoltaik\/zuschuesse\/","title":{"rendered":"ZUSCH\u00dcSSE"},"content":{"rendered":"<p><div class=\"fusion-fullwidth fullwidth-box fusion-builder-row-1 fusion-parallax-none nonhundred-percent-fullwidth non-hundred-percent-height-scrolling\" style=\"--awb-background-position:right center;--awb-border-radius-top-left:0px;--awb-border-radius-top-right:0px;--awb-border-radius-bottom-right:0px;--awb-border-radius-bottom-left:0px;--awb-padding-top:70px;--awb-padding-bottom:601px;--awb-margin-top:0px;--awb-margin-bottom:0px;--awb-background-image:url(&quot;https:\/\/www.solar-ticino.com\/wp-content\/uploads\/2020\/04\/solar_eigenheim-warum-solar_d.jpg&quot;);--awb-background-size:cover;--awb-flex-wrap:wrap;\" ><div class=\"fusion-builder-row fusion-row\"><div class=\"fusion-layout-column fusion_builder_column fusion-builder-column-0 fusion_builder_column_1_1 1_1 fusion-one-full fusion-column-first fusion-column-last\" style=\"--awb-bg-size:cover;\"><div class=\"fusion-column-wrapper fusion-column-has-shadow fusion-flex-column-wrapper-legacy\"><div class=\"fusion-clearfix\"><\/div><\/div><\/div><\/div><\/div><div class=\"fusion-fullwidth fullwidth-box fusion-builder-row-2 nonhundred-percent-fullwidth non-hundred-percent-height-scrolling fusion-no-small-visibility\" style=\"--awb-background-position:center bottom;--awb-border-radius-top-left:0px;--awb-border-radius-top-right:0px;--awb-border-radius-bottom-right:0px;--awb-border-radius-bottom-left:0px;--awb-padding-top:90px;--awb-padding-bottom:90px;--awb-margin-bottom:0px;--awb-flex-wrap:wrap;\" ><div class=\"fusion-builder-row fusion-row\"><div class=\"fusion-layout-column fusion_builder_column fusion-builder-column-1 fusion_builder_column_1_2 1_2 fusion-one-half fusion-column-first fusion-animated\" style=\"--awb-padding-top:40px;--awb-padding-right:50px;--awb-padding-bottom:20px;--awb-padding-left:20px;--awb-bg-image:linear-gradient(180deg, #f6a800 0%,#f6a800 100%);--awb-bg-size:cover;--awb-margin-top:-150px;width:50%;width:calc(50% - ( ( 8% ) * 0.5 ) );margin-right: 8%;\" data-animationType=\"fadeInLeft\" data-animationDuration=\"0.8\" data-animationOffset=\"top-into-view\"><div class=\"fusion-column-wrapper fusion-column-has-shadow fusion-flex-column-wrapper-legacy\"><div class=\"fusion-content-boxes content-boxes columns row fusion-columns-1 fusion-columns-total-1 fusion-content-boxes-1 content-boxes-clean-horizontal content-left content-boxes-icon-on-side\" style=\"--awb-body-color:#ffffff;--awb-title-color:#333333;--awb-iconcolor:#f6a800;--awb-margin-bottom:0px;--awb-hover-accent-color:#ffffff;--awb-circle-hover-accent-color:#ffffff;--awb-item-margin-bottom:40px;\" data-animationOffset=\"top-into-view\"><div style=\"--awb-backgroundcolor:rgba(255,255,255,0);--awb-iconcolor:#f6a800;--awb-content-padding-left:70px;border-color:rgba(255,255,255,0);\" class=\"fusion-column content-box-column content-box-column content-box-column-1 col-lg-12 col-md-12 col-sm-12 fusion-content-box-hover content-box-column-last content-box-column-last-in-row\"><div class=\"col content-box-wrapper content-wrapper link-area-link-icon link-type-button icon-hover-animation-none\" data-animationOffset=\"top-into-view\"><div class=\"heading heading-with-icon icon-left\"><a class=\"heading-link\" href=\"\/index\/de\/kontakt\/\" target=\"_self\"><div class=\"icon\"><i style=\"border-color:#212934;border-width:0px;background-color:#ffffff;box-sizing:content-box;height:50px;width:50px;line-height:50px;border-radius:50%;font-size:25px;\" aria-hidden=\"true\" class=\"fontawesome-icon fa-question fas circle-yes\"><\/i><\/div><h2 class=\"content-box-heading\" style=\"--h2_typography-font-size:24px;line-height:29px;padding-left:70px;\">Wussten Sie dass...<\/h2><\/a><\/div><div class=\"fusion-clearfix\"><\/div><div class=\"content-container\">\n<p>Die nationale Stelle, die derzeit f\u00fcr die Zahlung des Zuschusses verantwortlich ist, ist die Pronovo AG, die die Swissgrid seit 2018 ersetzt hat. Mit der einmaligen Verg\u00fctung erhalten die Betreiber von Photovoltaikanlagen <b>einen<\/b> <b>einmaligen Investitionsbeitrag.<\/b><\/p>\n<\/div><div class=\"fusion-clearfix\"><\/div><a class=\"fusion-read-more-button fusion-content-box-button fusion-button button-default fusion-button-default-size button- button-flat\" style=\"margin-left:70px;width: calc(100% - 70px);\" href=\"\/index\/de\/kontakt\/\" target=\"_self\"><span class=\"fusion-button-text\">ANFRAGE EINER KOSTENFREIEN BERATUNG <\/span><\/a><div class=\"fusion-clearfix\"><\/div><\/div><\/div><div class=\"fusion-clearfix\"><\/div><\/div><div class=\"fusion-clearfix\"><\/div><\/div><\/div><div class=\"fusion-layout-column fusion_builder_column fusion-builder-column-2 fusion_builder_column_1_2 1_2 fusion-one-half fusion-column-last fusion-animated\" style=\"--awb-bg-size:cover;--awb-margin-top:-50px;width:50%;width:calc(50% - ( ( 8% ) * 0.5 ) );\" data-animationType=\"fadeInLeft\" data-animationDuration=\"0.8\" data-animationOffset=\"top-into-view\"><div class=\"fusion-column-wrapper fusion-column-has-shadow fusion-flex-column-wrapper-legacy\"><div class=\"fusion-sep-clear\"><\/div><div class=\"fusion-separator fusion-no-medium-visibility fusion-no-large-visibility fusion-full-width-sep\" style=\"margin-left: auto;margin-right: auto;margin-top:40px;width:100%;\"><\/div><div class=\"fusion-sep-clear\"><\/div><div class=\"fusion-text fusion-text-1\"><h3><b>BUNDESZUSCHUSS<\/b><\/h3>\n<h3><strong>(Einzelverg\u00fctung)<\/strong><\/h3>\n<p>Die Einzelverg\u00fctungen f\u00fcr Photovoltaikanlagen werden in zwei verschiedenen Programmen gew\u00e4hrt:<\/p>\n<ul>\n<li>Einmalige Verg\u00fctung f\u00fcr <b>kleine Photovoltaikanlagen<\/b> (RUP): <span style=\"background-color: rgba(255, 255, 255, 0); color: var(--body_typography-color); font-family: var(--body_typography-font-family); font-size: var(--body_typography-font-size); font-style: var(--body_typography-font-style,normal); font-weight: var(--body_typography-font-weight); letter-spacing: var(--body_typography-letter-spacing);\">Systeme mit <\/span><span style=\"background-color: rgba(255, 255, 255, 0); color: var(--body_typography-color); font-family: var(--body_typography-font-family); font-size: var(--body_typography-font-size); font-style: var(--body_typography-font-style,normal); font-weight: var(--body_typography-font-weight); letter-spacing: var(--body_typography-letter-spacing);\">einer Leistung von <\/span><strong style=\"background-color: rgba(255, 255, 255, 0); color: var(--body_typography-color); font-family: var(--body_typography-font-family); font-size: var(--body_typography-font-size); font-style: var(--body_typography-font-style,normal); letter-spacing: var(--body_typography-letter-spacing);\">weniger als 100 kWp. <\/strong><\/li>\n<li>Einzelgeb\u00fchren f\u00fcr <strong>grosse Photovoltaikanlagen<\/strong> (RUG): f<span style=\"background-color: rgba(255, 255, 255, 0); color: var(--body_typography-color); font-family: var(--body_typography-font-family); font-size: var(--body_typography-font-size); font-style: var(--body_typography-font-style,normal); font-weight: var(--body_typography-font-weight); letter-spacing: var(--body_typography-letter-spacing);\">\u00fcr Systeme mit einer Leistung von <\/span><strong style=\"background-color: rgba(255, 255, 255, 0); color: var(--body_typography-color); font-family: var(--body_typography-font-family); font-size: var(--body_typography-font-size); font-style: var(--body_typography-font-style,normal); letter-spacing: var(--body_typography-letter-spacing);\"><span style=\"font-style: var(--body_typography-font-style,normal);\">mindestens 100 kWp.<\/span><\/strong><\/li>\n<\/ul>\n<p><strong>Sie erhalten bis 30% der Investitionssumme!<\/strong><\/p>\n<\/div><div class=\"fusion-sep-clear\"><\/div><div class=\"fusion-separator fusion-full-width-sep\" style=\"margin-left: auto;margin-right: auto;margin-top:20px;width:100%;\"><\/div><div class=\"fusion-sep-clear\"><\/div><div class=\"fusion-button-wrapper\"><a class=\"fusion-button button-flat fusion-button-default-size button-default fusion-button-default button-1 fusion-button-default-span fusion-button-default-type\" target=\"_self\" href=\"#more\"><span class=\"fusion-button-text awb-button__text awb-button__text--default\">MEHR ERFAHREN<\/span><\/a><\/div><div class=\"fusion-clearfix\"><\/div><\/div><\/div><\/div><\/div><div class=\"fusion-fullwidth fullwidth-box fusion-builder-row-3 nonhundred-percent-fullwidth non-hundred-percent-height-scrolling fusion-no-medium-visibility fusion-no-large-visibility\" style=\"--awb-background-position:center bottom;--awb-border-radius-top-left:0px;--awb-border-radius-top-right:0px;--awb-border-radius-bottom-right:0px;--awb-border-radius-bottom-left:0px;--awb-padding-top:90px;--awb-padding-bottom:90px;--awb-margin-bottom:0px;--awb-flex-wrap:wrap;\" ><div class=\"fusion-builder-row fusion-row\"><div class=\"fusion-layout-column fusion_builder_column fusion-builder-column-3 fusion_builder_column_1_2 1_2 fusion-one-half fusion-column-first fusion-animated\" style=\"--awb-padding-top:40px;--awb-padding-right:50px;--awb-padding-bottom:20px;--awb-padding-left:20px;--awb-bg-image:linear-gradient(180deg, #f6a800 0%,#f6a800 100%);--awb-bg-size:cover;width:50%;width:calc(50% - ( ( 8% ) * 0.5 ) );margin-right: 8%;\" data-animationType=\"fadeInLeft\" data-animationDuration=\"0.8\" data-animationOffset=\"top-into-view\"><div class=\"fusion-column-wrapper fusion-column-has-shadow fusion-flex-column-wrapper-legacy\"><div class=\"fusion-content-boxes content-boxes columns row fusion-columns-1 fusion-columns-total-1 fusion-content-boxes-2 content-boxes-clean-horizontal content-left content-boxes-icon-on-side\" style=\"--awb-body-color:#ffffff;--awb-title-color:#333333;--awb-iconcolor:#f6a800;--awb-margin-bottom:0px;--awb-hover-accent-color:#ffffff;--awb-circle-hover-accent-color:#ffffff;--awb-item-margin-bottom:40px;\" data-animationOffset=\"top-into-view\"><div style=\"--awb-backgroundcolor:rgba(255,255,255,0);--awb-iconcolor:#f6a800;--awb-content-padding-left:70px;border-color:rgba(255,255,255,0);\" class=\"fusion-column content-box-column content-box-column content-box-column-1 col-lg-12 col-md-12 col-sm-12 fusion-content-box-hover content-box-column-last content-box-column-last-in-row\"><div class=\"col content-box-wrapper content-wrapper link-area-link-icon link-type-button icon-hover-animation-none\" data-animationOffset=\"top-into-view\"><div class=\"heading heading-with-icon icon-left\"><a class=\"heading-link\" href=\"\/index\/de\/kontakt\/\" target=\"_self\"><div class=\"icon\"><i style=\"border-color:#212934;border-width:0px;background-color:#ffffff;box-sizing:content-box;height:50px;width:50px;line-height:50px;border-radius:50%;font-size:25px;\" aria-hidden=\"true\" class=\"fontawesome-icon fa-question fas circle-yes\"><\/i><\/div><h2 class=\"content-box-heading\" style=\"--h2_typography-font-size:24px;line-height:29px;padding-left:70px;\">Wussten Sie dass...<\/h2><\/a><\/div><div class=\"fusion-clearfix\"><\/div><div class=\"content-container\">\n<p>Die nationale Stelle, die derzeit f\u00fcr die Zahlung des Zuschusses verantwortlich ist, ist die Pronovo AG, die die Swissgrid seit 2018 ersetzt hat. Mit der einmaligen Verg\u00fctung erhalten die Betreiber von Photovoltaikanlagen <b>einen<\/b> <b>einmaligen Investitionsbeitrag.<\/b><\/p>\n<\/div><div class=\"fusion-clearfix\"><\/div><a class=\"fusion-read-more-button fusion-content-box-button fusion-button button-default fusion-button-default-size button- button-flat\" style=\"margin-left:70px;width: calc(100% - 70px);\" href=\"\/index\/de\/kontakt\/\" target=\"_self\"><span class=\"fusion-button-text\">ANFRAGE EINER KOSTENFREIE BERATUNG <\/span><\/a><div class=\"fusion-clearfix\"><\/div><\/div><\/div><div class=\"fusion-clearfix\"><\/div><\/div><div class=\"fusion-clearfix\"><\/div><\/div><\/div><div class=\"fusion-layout-column fusion_builder_column fusion-builder-column-4 fusion_builder_column_1_2 1_2 fusion-one-half fusion-column-last fusion-animated\" style=\"--awb-bg-size:cover;width:50%;width:calc(50% - ( ( 8% ) * 0.5 ) );\" data-animationType=\"fadeInLeft\" data-animationDuration=\"0.8\" data-animationOffset=\"top-into-view\"><div class=\"fusion-column-wrapper fusion-column-has-shadow fusion-flex-column-wrapper-legacy\"><div class=\"fusion-sep-clear\"><\/div><div class=\"fusion-separator fusion-no-medium-visibility fusion-no-large-visibility fusion-full-width-sep\" style=\"margin-left: auto;margin-right: auto;margin-top:40px;width:100%;\"><\/div><div class=\"fusion-sep-clear\"><\/div><div class=\"fusion-text fusion-text-2\"><h3><b>BUNDESZUSCHUSS<\/b><\/h3>\n<h3><b> (Einzelverg\u00fctung)<\/b><\/h3>\n<p>Die Einzelverg\u00fctungen f\u00fcr Photovoltaikanlagen werden in zwei verschiedenen Programmen gew\u00e4hrt:<\/p>\n<p>Einmalige Verg\u00fctung f\u00fcr <b>kleine Photovoltaikanlagen<\/b> (RUP):<\/p>\n<p>f\u00fcr Systeme mit einer Leistung von <b>weniger als 100 kWp.<\/b><\/p>\n<p>Einzelgeb\u00fchren f\u00fcr grosse Photovoltaikanlagen (RUG):<\/p>\n<p>f\u00fcr Systeme mit einer Leistung von mindestens 100 kWp.<\/p>\n<p><b>Sie erhalten bis 30% der Investitionssumme!<\/b><\/p>\n<\/div><div class=\"fusion-sep-clear\"><\/div><div class=\"fusion-separator fusion-full-width-sep\" style=\"margin-left: auto;margin-right: auto;margin-top:20px;width:100%;\"><\/div><div class=\"fusion-sep-clear\"><\/div><div class=\"fusion-button-wrapper\"><a class=\"fusion-button button-flat fusion-button-default-size button-default fusion-button-default button-2 fusion-button-default-span fusion-button-default-type\" target=\"_self\" href=\"#more\"><span class=\"fusion-button-text awb-button__text awb-button__text--default\">MEHR ERFAHREN<\/span><\/a><\/div><div class=\"fusion-clearfix\"><\/div><\/div><\/div><\/div><\/div><div id=\"more\" class=\"fusion-container-anchor\"><div class=\"fusion-fullwidth fullwidth-box fusion-builder-row-4 nonhundred-percent-fullwidth non-hundred-percent-height-scrolling\" style=\"--awb-background-position:center bottom;--awb-border-radius-top-left:0px;--awb-border-radius-top-right:0px;--awb-border-radius-bottom-right:0px;--awb-border-radius-bottom-left:0px;--awb-padding-top:150px;--awb-padding-bottom:150px;--awb-background-image:linear-gradient(180deg, #212934 0%,#212934 100%);--awb-flex-wrap:wrap;\" ><div class=\"fusion-builder-row fusion-row\"><div class=\"fusion-layout-column fusion_builder_column fusion-builder-column-5 fusion_builder_column_1_1 1_1 fusion-one-full fusion-column-first fusion-column-last fusion-animated\" style=\"--awb-bg-size:cover;--awb-margin-top:-50px;\" data-animationType=\"fadeInLeft\" data-animationDuration=\"0.8\" data-animationOffset=\"top-into-view\"><div class=\"fusion-column-wrapper fusion-column-has-shadow fusion-flex-column-wrapper-legacy\"><div class=\"fusion-image-element in-legacy-container\" style=\"--awb-caption-title-font-family:var(--h2_typography-font-family);--awb-caption-title-font-weight:var(--h2_typography-font-weight);--awb-caption-title-font-style:var(--h2_typography-font-style);--awb-caption-title-size:var(--h2_typography-font-size);--awb-caption-title-transform:var(--h2_typography-text-transform);--awb-caption-title-line-height:var(--h2_typography-line-height);--awb-caption-title-letter-spacing:var(--h2_typography-letter-spacing);\"><span class=\" fusion-imageframe imageframe-none imageframe-1 hover-type-none\"><img decoding=\"async\" width=\"1446\" height=\"790\" title=\"Inbetriebnahme\" src=\"https:\/\/www.solar-ticino.com\/wp-content\/uploads\/2021\/02\/Inbetriebnahme.jpg\" alt class=\"img-responsive wp-image-1411\" srcset=\"https:\/\/www.solar-ticino.com\/wp-content\/uploads\/2021\/02\/Inbetriebnahme-200x109.jpg 200w, https:\/\/www.solar-ticino.com\/wp-content\/uploads\/2021\/02\/Inbetriebnahme-400x219.jpg 400w, https:\/\/www.solar-ticino.com\/wp-content\/uploads\/2021\/02\/Inbetriebnahme-600x328.jpg 600w, https:\/\/www.solar-ticino.com\/wp-content\/uploads\/2021\/02\/Inbetriebnahme-800x437.jpg 800w, https:\/\/www.solar-ticino.com\/wp-content\/uploads\/2021\/02\/Inbetriebnahme-1200x656.jpg 1200w, https:\/\/www.solar-ticino.com\/wp-content\/uploads\/2021\/02\/Inbetriebnahme.jpg 1446w\" sizes=\"(max-width: 1200px) 100vw, 1446px\" \/><\/span><\/div><div class=\"fusion-clearfix\"><\/div><\/div><\/div><\/div><\/div><\/div><div class=\"fusion-fullwidth fullwidth-box fusion-builder-row-5 nonhundred-percent-fullwidth non-hundred-percent-height-scrolling\" style=\"--awb-border-radius-top-left:0px;--awb-border-radius-top-right:0px;--awb-border-radius-bottom-right:0px;--awb-border-radius-bottom-left:0px;--awb-padding-top:0px;--awb-padding-bottom:66px;--awb-background-image:linear-gradient(180deg, #f6a800 0%,#f6a800 100%);--awb-flex-wrap:wrap;\" ><div class=\"fusion-builder-row fusion-row\"><div class=\"fusion-layout-column fusion_builder_column fusion-builder-column-6 fusion_builder_column_1_1 1_1 fusion-one-full fusion-column-first fusion-column-last\" style=\"--awb-padding-bottom:27px;--awb-bg-size:cover;--awb-margin-top:72px;--awb-margin-bottom:0px;\"><div class=\"fusion-column-wrapper fusion-column-has-shadow fusion-flex-column-wrapper-legacy\"><div class=\"fusion-align-block\"><a class=\"fusion-button button-flat fusion-button-default-size button-default fusion-button-default button-3 fusion-button-span-yes fusion-button-default-type\" target=\"_blank\" rel=\"noopener noreferrer\" href=\"https:\/\/pronovo.ch\/it\/programmi-di-incentivi\/sistema-di-rimunerazione-per-limmissione-di-elettricita-sri\/dalla-domanda-alla-rimunerazione\"><span class=\"fusion-button-text awb-button__text awb-button__text--default\">Link Anfrageformular<\/span><\/a><\/div><div class=\"fusion-clearfix\"><\/div><\/div><\/div><\/div><\/div><\/p>\n","protected":false},"excerpt":{"rendered":"","protected":false},"author":5,"featured_media":0,"parent":715,"menu_order":0,"comment_status":"closed","ping_status":"closed","template":"100-width.php","meta":{"footnotes":""},"class_list":["post-719","page","type-page","status-publish","hentry"],"yoast_head":"<!-- This site is optimized with the Yoast SEO plugin v27.1.1 - https:\/\/yoast.com\/product\/yoast-seo-wordpress\/ -->\n<title>ZUSCH\u00dcSSE - Solar Ticino sagl<\/title>\n<meta name=\"robots\" content=\"index, follow, max-snippet:-1, max-image-preview:large, max-video-preview:-1\" \/>\n<link rel=\"canonical\" href=\"https:\/\/www.solar-ticino.com\/de\/photovoltaik\/zuschuesse\/\" \/>\n<meta property=\"og:locale\" content=\"de_DE\" \/>\n<meta property=\"og:type\" content=\"article\" \/>\n<meta property=\"og:title\" content=\"ZUSCH\u00dcSSE - Solar Ticino sagl\" \/>\n<meta property=\"og:url\" content=\"https:\/\/www.solar-ticino.com\/de\/photovoltaik\/zuschuesse\/\" \/>\n<meta property=\"og:site_name\" content=\"Solar Ticino sagl\" \/>\n<meta property=\"article:modified_time\" content=\"2021-02-25T08:48:46+00:00\" \/>\n<meta name=\"twitter:card\" content=\"summary_large_image\" \/>\n<meta name=\"twitter:label1\" content=\"Gesch\u00e4tzte Lesezeit\" \/>\n\t<meta name=\"twitter:data1\" content=\"16\u00a0Minuten\" \/>\n<script type=\"application\/ld+json\" class=\"yoast-schema-graph\">{\"@context\":\"https:\/\/schema.org\",\"@graph\":[{\"@type\":\"WebPage\",\"@id\":\"https:\/\/www.solar-ticino.com\/de\/photovoltaik\/zuschuesse\/\",\"url\":\"https:\/\/www.solar-ticino.com\/de\/photovoltaik\/zuschuesse\/\",\"name\":\"ZUSCH\u00dcSSE - Solar Ticino sagl\",\"isPartOf\":{\"@id\":\"https:\/\/www.solar-ticino.com\/de\/#website\"},\"datePublished\":\"2020-04-23T13:28:25+00:00\",\"dateModified\":\"2021-02-25T08:48:46+00:00\",\"breadcrumb\":{\"@id\":\"https:\/\/www.solar-ticino.com\/de\/photovoltaik\/zuschuesse\/#breadcrumb\"},\"inLanguage\":\"de\",\"potentialAction\":[{\"@type\":\"ReadAction\",\"target\":[\"https:\/\/www.solar-ticino.com\/de\/photovoltaik\/zuschuesse\/\"]}]},{\"@type\":\"BreadcrumbList\",\"@id\":\"https:\/\/www.solar-ticino.com\/de\/photovoltaik\/zuschuesse\/#breadcrumb\",\"itemListElement\":[{\"@type\":\"ListItem\",\"position\":1,\"name\":\"Home\",\"item\":\"https:\/\/www.solar-ticino.com\/de\/\"},{\"@type\":\"ListItem\",\"position\":2,\"name\":\"PHOTOVOLTAIK\",\"item\":\"https:\/\/www.solar-ticino.com\/de\/photovoltaik\/\"},{\"@type\":\"ListItem\",\"position\":3,\"name\":\"ZUSCH\u00dcSSE\"}]},{\"@type\":\"WebSite\",\"@id\":\"https:\/\/www.solar-ticino.com\/de\/#website\",\"url\":\"https:\/\/www.solar-ticino.com\/de\/\",\"name\":\"Solar Ticino sagl\",\"description\":\"Membro Swissolar - Chiasso, Ticino (Svizzera)\",\"publisher\":{\"@id\":\"https:\/\/www.solar-ticino.com\/de\/#organization\"},\"potentialAction\":[{\"@type\":\"SearchAction\",\"target\":{\"@type\":\"EntryPoint\",\"urlTemplate\":\"https:\/\/www.solar-ticino.com\/de\/?s={search_term_string}\"},\"query-input\":{\"@type\":\"PropertyValueSpecification\",\"valueRequired\":true,\"valueName\":\"search_term_string\"}}],\"inLanguage\":\"de\"},{\"@type\":\"Organization\",\"@id\":\"https:\/\/www.solar-ticino.com\/de\/#organization\",\"name\":\"Solar Ticino sagl\",\"url\":\"https:\/\/www.solar-ticino.com\/de\/\",\"logo\":{\"@type\":\"ImageObject\",\"inLanguage\":\"de\",\"@id\":\"https:\/\/www.solar-ticino.com\/de\/#\/schema\/logo\/image\/\",\"url\":\"https:\/\/www.solar-ticino.com\/wp-content\/uploads\/2020\/04\/p320.png\",\"contentUrl\":\"https:\/\/www.solar-ticino.com\/wp-content\/uploads\/2020\/04\/p320.png\",\"width\":320,\"height\":68,\"caption\":\"Solar Ticino sagl\"},\"image\":{\"@id\":\"https:\/\/www.solar-ticino.com\/de\/#\/schema\/logo\/image\/\"}}]}<\/script>\n<!-- \/ Yoast SEO plugin. -->","yoast_head_json":{"title":"ZUSCH\u00dcSSE - Solar Ticino sagl","robots":{"index":"index","follow":"follow","max-snippet":"max-snippet:-1","max-image-preview":"max-image-preview:large","max-video-preview":"max-video-preview:-1"},"canonical":"https:\/\/www.solar-ticino.com\/de\/photovoltaik\/zuschuesse\/","og_locale":"de_DE","og_type":"article","og_title":"ZUSCH\u00dcSSE - Solar Ticino sagl","og_url":"https:\/\/www.solar-ticino.com\/de\/photovoltaik\/zuschuesse\/","og_site_name":"Solar Ticino sagl","article_modified_time":"2021-02-25T08:48:46+00:00","twitter_card":"summary_large_image","twitter_misc":{"Gesch\u00e4tzte Lesezeit":"16\u00a0Minuten"},"schema":{"@context":"https:\/\/schema.org","@graph":[{"@type":"WebPage","@id":"https:\/\/www.solar-ticino.com\/de\/photovoltaik\/zuschuesse\/","url":"https:\/\/www.solar-ticino.com\/de\/photovoltaik\/zuschuesse\/","name":"ZUSCH\u00dcSSE - Solar Ticino sagl","isPartOf":{"@id":"https:\/\/www.solar-ticino.com\/de\/#website"},"datePublished":"2020-04-23T13:28:25+00:00","dateModified":"2021-02-25T08:48:46+00:00","breadcrumb":{"@id":"https:\/\/www.solar-ticino.com\/de\/photovoltaik\/zuschuesse\/#breadcrumb"},"inLanguage":"de","potentialAction":[{"@type":"ReadAction","target":["https:\/\/www.solar-ticino.com\/de\/photovoltaik\/zuschuesse\/"]}]},{"@type":"BreadcrumbList","@id":"https:\/\/www.solar-ticino.com\/de\/photovoltaik\/zuschuesse\/#breadcrumb","itemListElement":[{"@type":"ListItem","position":1,"name":"Home","item":"https:\/\/www.solar-ticino.com\/de\/"},{"@type":"ListItem","position":2,"name":"PHOTOVOLTAIK","item":"https:\/\/www.solar-ticino.com\/de\/photovoltaik\/"},{"@type":"ListItem","position":3,"name":"ZUSCH\u00dcSSE"}]},{"@type":"WebSite","@id":"https:\/\/www.solar-ticino.com\/de\/#website","url":"https:\/\/www.solar-ticino.com\/de\/","name":"Solar Ticino sagl","description":"Membro Swissolar - Chiasso, Ticino (Svizzera)","publisher":{"@id":"https:\/\/www.solar-ticino.com\/de\/#organization"},"potentialAction":[{"@type":"SearchAction","target":{"@type":"EntryPoint","urlTemplate":"https:\/\/www.solar-ticino.com\/de\/?s={search_term_string}"},"query-input":{"@type":"PropertyValueSpecification","valueRequired":true,"valueName":"search_term_string"}}],"inLanguage":"de"},{"@type":"Organization","@id":"https:\/\/www.solar-ticino.com\/de\/#organization","name":"Solar Ticino sagl","url":"https:\/\/www.solar-ticino.com\/de\/","logo":{"@type":"ImageObject","inLanguage":"de","@id":"https:\/\/www.solar-ticino.com\/de\/#\/schema\/logo\/image\/","url":"https:\/\/www.solar-ticino.com\/wp-content\/uploads\/2020\/04\/p320.png","contentUrl":"https:\/\/www.solar-ticino.com\/wp-content\/uploads\/2020\/04\/p320.png","width":320,"height":68,"caption":"Solar Ticino sagl"},"image":{"@id":"https:\/\/www.solar-ticino.com\/de\/#\/schema\/logo\/image\/"}}]}},"_links":{"self":[{"href":"https:\/\/www.solar-ticino.com\/de\/wp-json\/wp\/v2\/pages\/719","targetHints":{"allow":["GET"]}}],"collection":[{"href":"https:\/\/www.solar-ticino.com\/de\/wp-json\/wp\/v2\/pages"}],"about":[{"href":"https:\/\/www.solar-ticino.com\/de\/wp-json\/wp\/v2\/types\/page"}],"author":[{"embeddable":true,"href":"https:\/\/www.solar-ticino.com\/de\/wp-json\/wp\/v2\/users\/5"}],"replies":[{"embeddable":true,"href":"https:\/\/www.solar-ticino.com\/de\/wp-json\/wp\/v2\/comments?post=719"}],"version-history":[{"count":16,"href":"https:\/\/www.solar-ticino.com\/de\/wp-json\/wp\/v2\/pages\/719\/revisions"}],"predecessor-version":[{"id":1413,"href":"https:\/\/www.solar-ticino.com\/de\/wp-json\/wp\/v2\/pages\/719\/revisions\/1413"}],"up":[{"embeddable":true,"href":"https:\/\/www.solar-ticino.com\/de\/wp-json\/wp\/v2\/pages\/715"}],"wp:attachment":[{"href":"https:\/\/www.solar-ticino.com\/de\/wp-json\/wp\/v2\/media?parent=719"}],"curies":[{"name":"wp","href":"https:\/\/api.w.org\/{rel}","templated":true}]}}