{"id":704,"date":"2020-04-23T13:32:06","date_gmt":"2020-04-23T13:32:06","guid":{"rendered":"https:\/\/www.solar-ticino.com\/azienda\/"},"modified":"2020-05-04T13:45:31","modified_gmt":"2020-05-04T13:45:31","slug":"azienda","status":"publish","type":"page","link":"https:\/\/www.solar-ticino.com\/de\/azienda\/","title":{"rendered":"\u00dcBER SOLAR TICINO"},"content":{"rendered":"<p><div class=\"fusion-fullwidth fullwidth-box fusion-builder-row-1 nonhundred-percent-fullwidth non-hundred-percent-height-scrolling\" style=\"--awb-border-radius-top-left:0px;--awb-border-radius-top-right:0px;--awb-border-radius-bottom-right:0px;--awb-border-radius-bottom-left:0px;--awb-flex-wrap:wrap;\" ><div class=\"fusion-builder-row fusion-row\"><div class=\"fusion-layout-column fusion_builder_column fusion-builder-column-0 fusion_builder_column_1_3 1_3 fusion-one-third fusion-column-first\" style=\"--awb-bg-size:cover;width:33.333333333333%;width:calc(33.333333333333% - ( ( 4% + 4% ) * 0.33333333333333 ) );margin-right: 4%;\"><div class=\"fusion-column-wrapper fusion-column-has-shadow fusion-flex-column-wrapper-legacy\"><div class=\"fusion-text fusion-text-1\"><h3>UNSERE PHILOSOPHIE<\/h3>\n<table>\n<tbody>\n<tr>\n<td><strong>Die Sonne ist die gr\u00f6\u00dfte Energiequelle. Bereits seit 5 Milliarden Jahren liefert uns die Sonne Energie, Licht und W\u00e4rme.<\/strong><br \/>\n<strong>Die Sonne liefert t\u00e4glich Energie in unersch\u00f6pflicher Menge und Solar Ticino liefert Ihnen die passende Technik, um die Sonnenenergie effizient nutzen zu k\u00f6nnen.<\/strong><\/p>\n<p>Die Planungs- und Montageabteilung der Solar Ticino bietet Ihnen neben qualifizierten Ingenieuren auch ein Montageteam, welches \u00fcber die neueste technische Ausr\u00fcstung verf\u00fcgt, um Ihren Auftrag gewissenhaft zu planen und auszuf\u00fchren.<\/p>\n<p>Wir garantieren Ihnen maximale Energieeinsparung bei minimaler Investition.<\/td>\n<\/tr>\n<\/tbody>\n<\/table>\n<\/div><div class=\"fusion-clearfix\"><\/div><\/div><\/div><div class=\"fusion-layout-column fusion_builder_column fusion-builder-column-1 fusion_builder_column_1_3 1_3 fusion-one-third\" style=\"--awb-bg-size:cover;width:33.333333333333%;width:calc(33.333333333333% - ( ( 4% + 4% ) * 0.33333333333333 ) );margin-right: 4%;\"><div class=\"fusion-column-wrapper fusion-column-has-shadow fusion-flex-column-wrapper-legacy\"><div class=\"fusion-text fusion-text-2\"><h3>\u00dcBER UNS<\/h3>\n<p><strong>Solar Ticino GmbH<\/strong> ist ein systemunabh\u00e4ngiges Unternehmen in der Solarenergie-Branche.<\/p>\n<p>Das Beratungsb\u00fcro des Unternehmens befindet sich in der Fussg\u00e4ngerzone Corso San Gottardo 54c in 6830 Chiasso.<\/p>\n<p>Die Firmengr\u00fcnder und Mitarbeiter des Unternehmens sind ortsans\u00e4ssige B\u00fcrger aus dem Ticino mit langj\u00e4hrigen Fachkenntnissen. Durch st\u00e4ndige Weiterbildungs-Massnahmen wird unser Team immer \u00fcber die neuesten Entwicklungen und Erkenntnisse informiert.<\/p>\n<p>Zur gemeinsamen Entscheidungsfindung bieten wir Ihnen eine kostenfreie Beratung inklusive wirtschaftlicher Auswertung f\u00fcr den Einsatz solarer Energien an.<\/p>\n<p>Selbstverst\u00e4ndlich liefern und montieren wir die von Ihnen gew\u00fcnschten neuen Systeme nach dem neusten Stand der Technik.<\/p>\n<\/div><div class=\"fusion-clearfix\"><\/div><\/div><\/div><div class=\"fusion-layout-column fusion_builder_column fusion-builder-column-2 fusion_builder_column_1_3 1_3 fusion-one-third fusion-column-last\" style=\"--awb-bg-size:cover;width:33.333333333333%;width:calc(33.333333333333% - ( ( 4% + 4% ) * 0.33333333333333 ) );\"><div class=\"fusion-column-wrapper fusion-column-has-shadow fusion-flex-column-wrapper-legacy\"><div class=\"fusion-text fusion-text-3\"><h3>SWISSOLAR<\/h3>\n<p><strong>Wir sind Mitglied beim <a href=\"http:\/\/swissolar.ch\/\">Swissolar<\/a> &#8211; dem Schweizerischen Fachverband f\u00fcr Sonnenenergie.<\/strong><\/p>\n<p><img decoding=\"async\" class=\"alignnone size-full wp-image-367\" src=\"https:\/\/www.solar-ticino.com\/wp-content\/uploads\/2020\/04\/SWISSOLAR.png\" alt=\"\" width=\"372\" height=\"190\" srcset=\"https:\/\/www.solar-ticino.com\/wp-content\/uploads\/2020\/04\/SWISSOLAR-200x102.png 200w, https:\/\/www.solar-ticino.com\/wp-content\/uploads\/2020\/04\/SWISSOLAR-300x153.png 300w, https:\/\/www.solar-ticino.com\/wp-content\/uploads\/2020\/04\/SWISSOLAR.png 372w\" sizes=\"(max-width: 372px) 100vw, 372px\" \/><\/p>\n<\/div><div class=\"fusion-clearfix\"><\/div><\/div><\/div><\/div><\/div><div class=\"fusion-fullwidth fullwidth-box fusion-builder-row-2 nonhundred-percent-fullwidth non-hundred-percent-height-scrolling fusion-no-small-visibility fusion-no-medium-visibility\" style=\"--awb-border-radius-top-left:0px;--awb-border-radius-top-right:0px;--awb-border-radius-bottom-right:0px;--awb-border-radius-bottom-left:0px;--awb-background-color:#ffffff;--awb-flex-wrap:wrap;\" ><div class=\"fusion-builder-row fusion-row\"><div class=\"fusion-layout-column fusion_builder_column fusion-builder-column-3 fusion_builder_column_1_3 1_3 fusion-one-third fusion-column-first fusion-animated\" style=\"--awb-padding-top:35px;--awb-padding-bottom:30px;--awb-bg-position:right center;--awb-bg-repeat:repeat-y;--awb-border-color:#f0f0f0;--awb-border-right:1px;--awb-border-style:solid;--awb-margin-top:30px;--awb-margin-bottom:30px;width:33.333333333333%;width:calc(33.333333333333% - ( ( 0px + 0px ) * 0.33333333333333 ) );margin-right: 0px;\" data-animationType=\"fadeInRight\" data-animationDuration=\"1.0\" data-animationOffset=\"top-into-view\"><div class=\"fusion-column-wrapper fusion-flex-column-wrapper-legacy\"><div class=\"fusion-text fusion-text-4\"><p style=\"text-align: center; letter-spacing: 1px; margin: 0px;\"><span style=\"color: #ffaa06;\"><i class=\"fb-icon-element-1 fb-icon-element fontawesome-icon fa-phone-alt fas circle-no fusion-text-flow\" style=\"--awb-iconcolor:#ffaa06;--awb-iconcolor-hover:#ffaa06;--awb-font-size:20px;--awb-margin-right:10px;\"><\/i> TELEFONO<\/span><\/p>\n<\/div><div class=\"fusion-title title fusion-title-1 fusion-sep-none fusion-title-center fusion-title-text fusion-title-size-three\" style=\"--awb-margin-top:5px;--awb-margin-bottom:5px;--awb-margin-top-small:10px;--awb-margin-right-small:0px;--awb-margin-bottom-small:10px;--awb-margin-left-small:0px;\"><h3 class=\"fusion-title-heading title-heading-center\" style=\"margin:0;\"><a href=\"tel:0041916833711\">+41 91 683 37 11<\/a><\/h3><\/div><div class=\"fusion-clearfix\"><\/div><\/div><\/div><div class=\"fusion-layout-column fusion_builder_column fusion-builder-column-4 fusion_builder_column_1_3 1_3 fusion-one-third fusion-animated\" style=\"--awb-padding-top:35px;--awb-padding-bottom:30px;--awb-bg-position:right center;--awb-bg-repeat:repeat-y;--awb-border-color:#f0f0f0;--awb-border-right:1px;--awb-border-style:solid;--awb-margin-top:30px;--awb-margin-bottom:30px;width:33.333333333333%;width:calc(33.333333333333% - ( ( 0px + 0px ) * 0.33333333333333 ) );margin-right: 0px;\" data-animationType=\"fadeInRight\" data-animationDuration=\"1.0\" data-animationOffset=\"top-into-view\"><div class=\"fusion-column-wrapper fusion-flex-column-wrapper-legacy\"><div class=\"fusion-text fusion-text-5\"><p style=\"text-align: center; letter-spacing: 1px; margin: 0px;\"><span style=\"color: #ffaa06;\"><i class=\"fb-icon-element-2 fb-icon-element fontawesome-icon fa-envelope fas circle-no fusion-text-flow\" style=\"--awb-iconcolor:#ffaa06;--awb-iconcolor-hover:#ffaa06;--awb-font-size:20px;--awb-margin-right:10px;\"><\/i> E-MAIL<\/span><\/p>\n<\/div><div class=\"fusion-title title fusion-title-2 fusion-sep-none fusion-title-center fusion-title-text fusion-title-size-three\" style=\"--awb-margin-top:5px;--awb-margin-bottom:5px;--awb-margin-top-small:10px;--awb-margin-right-small:0px;--awb-margin-bottom-small:10px;--awb-margin-left-small:0px;\"><h3 class=\"fusion-title-heading title-heading-center\" style=\"margin:0;\"><a href=\"mailto:info@solar-ticino.com\">info@solar-ticino.com<\/a><\/h3><\/div><div class=\"fusion-clearfix\"><\/div><\/div><\/div><div class=\"fusion-layout-column fusion_builder_column fusion-builder-column-5 fusion_builder_column_1_3 1_3 fusion-one-third fusion-column-last fusion-animated\" style=\"--awb-padding-top:35px;--awb-padding-bottom:30px;--awb-bg-position:right center;--awb-bg-repeat:repeat-y;--awb-border-color:#f0f0f0;--awb-border-right:1px;--awb-border-style:solid;--awb-margin-top:30px;--awb-margin-bottom:30px;width:33.333333333333%;width:calc(33.333333333333% - ( ( 0px + 0px ) * 0.33333333333333 ) );\" data-animationType=\"fadeInRight\" data-animationDuration=\"1.0\" data-animationOffset=\"top-into-view\"><div class=\"fusion-column-wrapper fusion-flex-column-wrapper-legacy\"><div class=\"fusion-text fusion-text-6\"><p style=\"text-align: center; letter-spacing: 1px; margin: 0px;\"><span style=\"color: #ffaa06;\"><i class=\"fb-icon-element-3 fb-icon-element fontawesome-icon fa-fax fas circle-no fusion-text-flow\" style=\"--awb-iconcolor:#ffaa06;--awb-iconcolor-hover:#ffaa06;--awb-font-size:20px;--awb-margin-right:10px;\"><\/i> FAX<\/span><\/p>\n<\/div><div class=\"fusion-title title fusion-title-3 fusion-sep-none fusion-title-center fusion-title-text fusion-title-size-three\" style=\"--awb-margin-top:5px;--awb-margin-bottom:5px;--awb-margin-top-small:10px;--awb-margin-right-small:0px;--awb-margin-bottom-small:10px;--awb-margin-left-small:0px;\"><h3 class=\"fusion-title-heading title-heading-center\" style=\"margin:0;\">+41 91 683 37 13<\/h3><\/div><div class=\"fusion-clearfix\"><\/div><\/div><\/div><\/div><\/div><\/p>\n","protected":false},"excerpt":{"rendered":"","protected":false},"author":5,"featured_media":0,"parent":0,"menu_order":0,"comment_status":"closed","ping_status":"closed","template":"100-width.php","meta":{"footnotes":""},"class_list":["post-704","page","type-page","status-publish","hentry"],"yoast_head":"<!-- This site is optimized with the Yoast SEO plugin v27.1.1 - https:\/\/yoast.com\/product\/yoast-seo-wordpress\/ -->\n<title>\u00dcBER SOLAR TICINO - Solar Ticino sagl<\/title>\n<meta name=\"robots\" content=\"index, follow, max-snippet:-1, max-image-preview:large, max-video-preview:-1\" \/>\n<link rel=\"canonical\" href=\"https:\/\/www.solar-ticino.com\/de\/azienda\/\" \/>\n<meta property=\"og:locale\" content=\"de_DE\" \/>\n<meta property=\"og:type\" content=\"article\" \/>\n<meta property=\"og:title\" content=\"\u00dcBER SOLAR TICINO - Solar Ticino sagl\" \/>\n<meta property=\"og:url\" content=\"https:\/\/www.solar-ticino.com\/de\/azienda\/\" \/>\n<meta property=\"og:site_name\" content=\"Solar Ticino sagl\" \/>\n<meta property=\"article:modified_time\" content=\"2020-05-04T13:45:31+00:00\" \/>\n<meta property=\"og:image\" content=\"https:\/\/www.solar-ticino.com\/wp-content\/uploads\/2020\/04\/SWISSOLAR.png\" \/>\n<meta name=\"twitter:card\" content=\"summary_large_image\" \/>\n<meta name=\"twitter:label1\" content=\"Gesch\u00e4tzte Lesezeit\" \/>\n\t<meta name=\"twitter:data1\" content=\"10\u00a0Minuten\" \/>\n<script type=\"application\/ld+json\" class=\"yoast-schema-graph\">{\"@context\":\"https:\/\/schema.org\",\"@graph\":[{\"@type\":\"WebPage\",\"@id\":\"https:\/\/www.solar-ticino.com\/de\/azienda\/\",\"url\":\"https:\/\/www.solar-ticino.com\/de\/azienda\/\",\"name\":\"\u00dcBER SOLAR TICINO - Solar Ticino sagl\",\"isPartOf\":{\"@id\":\"https:\/\/www.solar-ticino.com\/de\/#website\"},\"primaryImageOfPage\":{\"@id\":\"https:\/\/www.solar-ticino.com\/de\/azienda\/#primaryimage\"},\"image\":{\"@id\":\"https:\/\/www.solar-ticino.com\/de\/azienda\/#primaryimage\"},\"thumbnailUrl\":\"https:\/\/www.solar-ticino.com\/wp-content\/uploads\/2020\/04\/SWISSOLAR.png\",\"datePublished\":\"2020-04-23T13:32:06+00:00\",\"dateModified\":\"2020-05-04T13:45:31+00:00\",\"breadcrumb\":{\"@id\":\"https:\/\/www.solar-ticino.com\/de\/azienda\/#breadcrumb\"},\"inLanguage\":\"de\",\"potentialAction\":[{\"@type\":\"ReadAction\",\"target\":[\"https:\/\/www.solar-ticino.com\/de\/azienda\/\"]}]},{\"@type\":\"ImageObject\",\"inLanguage\":\"de\",\"@id\":\"https:\/\/www.solar-ticino.com\/de\/azienda\/#primaryimage\",\"url\":\"https:\/\/www.solar-ticino.com\/wp-content\/uploads\/2020\/04\/SWISSOLAR.png\",\"contentUrl\":\"https:\/\/www.solar-ticino.com\/wp-content\/uploads\/2020\/04\/SWISSOLAR.png\"},{\"@type\":\"BreadcrumbList\",\"@id\":\"https:\/\/www.solar-ticino.com\/de\/azienda\/#breadcrumb\",\"itemListElement\":[{\"@type\":\"ListItem\",\"position\":1,\"name\":\"Home\",\"item\":\"https:\/\/www.solar-ticino.com\/de\/\"},{\"@type\":\"ListItem\",\"position\":2,\"name\":\"\u00dcBER SOLAR TICINO\"}]},{\"@type\":\"WebSite\",\"@id\":\"https:\/\/www.solar-ticino.com\/de\/#website\",\"url\":\"https:\/\/www.solar-ticino.com\/de\/\",\"name\":\"Solar Ticino sagl\",\"description\":\"Membro Swissolar - Chiasso, Ticino (Svizzera)\",\"publisher\":{\"@id\":\"https:\/\/www.solar-ticino.com\/de\/#organization\"},\"potentialAction\":[{\"@type\":\"SearchAction\",\"target\":{\"@type\":\"EntryPoint\",\"urlTemplate\":\"https:\/\/www.solar-ticino.com\/de\/?s={search_term_string}\"},\"query-input\":{\"@type\":\"PropertyValueSpecification\",\"valueRequired\":true,\"valueName\":\"search_term_string\"}}],\"inLanguage\":\"de\"},{\"@type\":\"Organization\",\"@id\":\"https:\/\/www.solar-ticino.com\/de\/#organization\",\"name\":\"Solar Ticino sagl\",\"url\":\"https:\/\/www.solar-ticino.com\/de\/\",\"logo\":{\"@type\":\"ImageObject\",\"inLanguage\":\"de\",\"@id\":\"https:\/\/www.solar-ticino.com\/de\/#\/schema\/logo\/image\/\",\"url\":\"https:\/\/www.solar-ticino.com\/wp-content\/uploads\/2020\/04\/p320.png\",\"contentUrl\":\"https:\/\/www.solar-ticino.com\/wp-content\/uploads\/2020\/04\/p320.png\",\"width\":320,\"height\":68,\"caption\":\"Solar Ticino sagl\"},\"image\":{\"@id\":\"https:\/\/www.solar-ticino.com\/de\/#\/schema\/logo\/image\/\"}}]}<\/script>\n<!-- \/ Yoast SEO plugin. -->","yoast_head_json":{"title":"\u00dcBER SOLAR TICINO - Solar Ticino sagl","robots":{"index":"index","follow":"follow","max-snippet":"max-snippet:-1","max-image-preview":"max-image-preview:large","max-video-preview":"max-video-preview:-1"},"canonical":"https:\/\/www.solar-ticino.com\/de\/azienda\/","og_locale":"de_DE","og_type":"article","og_title":"\u00dcBER SOLAR TICINO - Solar Ticino sagl","og_url":"https:\/\/www.solar-ticino.com\/de\/azienda\/","og_site_name":"Solar Ticino sagl","article_modified_time":"2020-05-04T13:45:31+00:00","og_image":[{"url":"https:\/\/www.solar-ticino.com\/wp-content\/uploads\/2020\/04\/SWISSOLAR.png","type":"","width":"","height":""}],"twitter_card":"summary_large_image","twitter_misc":{"Gesch\u00e4tzte Lesezeit":"10\u00a0Minuten"},"schema":{"@context":"https:\/\/schema.org","@graph":[{"@type":"WebPage","@id":"https:\/\/www.solar-ticino.com\/de\/azienda\/","url":"https:\/\/www.solar-ticino.com\/de\/azienda\/","name":"\u00dcBER SOLAR TICINO - Solar Ticino sagl","isPartOf":{"@id":"https:\/\/www.solar-ticino.com\/de\/#website"},"primaryImageOfPage":{"@id":"https:\/\/www.solar-ticino.com\/de\/azienda\/#primaryimage"},"image":{"@id":"https:\/\/www.solar-ticino.com\/de\/azienda\/#primaryimage"},"thumbnailUrl":"https:\/\/www.solar-ticino.com\/wp-content\/uploads\/2020\/04\/SWISSOLAR.png","datePublished":"2020-04-23T13:32:06+00:00","dateModified":"2020-05-04T13:45:31+00:00","breadcrumb":{"@id":"https:\/\/www.solar-ticino.com\/de\/azienda\/#breadcrumb"},"inLanguage":"de","potentialAction":[{"@type":"ReadAction","target":["https:\/\/www.solar-ticino.com\/de\/azienda\/"]}]},{"@type":"ImageObject","inLanguage":"de","@id":"https:\/\/www.solar-ticino.com\/de\/azienda\/#primaryimage","url":"https:\/\/www.solar-ticino.com\/wp-content\/uploads\/2020\/04\/SWISSOLAR.png","contentUrl":"https:\/\/www.solar-ticino.com\/wp-content\/uploads\/2020\/04\/SWISSOLAR.png"},{"@type":"BreadcrumbList","@id":"https:\/\/www.solar-ticino.com\/de\/azienda\/#breadcrumb","itemListElement":[{"@type":"ListItem","position":1,"name":"Home","item":"https:\/\/www.solar-ticino.com\/de\/"},{"@type":"ListItem","position":2,"name":"\u00dcBER SOLAR TICINO"}]},{"@type":"WebSite","@id":"https:\/\/www.solar-ticino.com\/de\/#website","url":"https:\/\/www.solar-ticino.com\/de\/","name":"Solar Ticino sagl","description":"Membro Swissolar - Chiasso, Ticino (Svizzera)","publisher":{"@id":"https:\/\/www.solar-ticino.com\/de\/#organization"},"potentialAction":[{"@type":"SearchAction","target":{"@type":"EntryPoint","urlTemplate":"https:\/\/www.solar-ticino.com\/de\/?s={search_term_string}"},"query-input":{"@type":"PropertyValueSpecification","valueRequired":true,"valueName":"search_term_string"}}],"inLanguage":"de"},{"@type":"Organization","@id":"https:\/\/www.solar-ticino.com\/de\/#organization","name":"Solar Ticino sagl","url":"https:\/\/www.solar-ticino.com\/de\/","logo":{"@type":"ImageObject","inLanguage":"de","@id":"https:\/\/www.solar-ticino.com\/de\/#\/schema\/logo\/image\/","url":"https:\/\/www.solar-ticino.com\/wp-content\/uploads\/2020\/04\/p320.png","contentUrl":"https:\/\/www.solar-ticino.com\/wp-content\/uploads\/2020\/04\/p320.png","width":320,"height":68,"caption":"Solar Ticino sagl"},"image":{"@id":"https:\/\/www.solar-ticino.com\/de\/#\/schema\/logo\/image\/"}}]}},"_links":{"self":[{"href":"https:\/\/www.solar-ticino.com\/de\/wp-json\/wp\/v2\/pages\/704","targetHints":{"allow":["GET"]}}],"collection":[{"href":"https:\/\/www.solar-ticino.com\/de\/wp-json\/wp\/v2\/pages"}],"about":[{"href":"https:\/\/www.solar-ticino.com\/de\/wp-json\/wp\/v2\/types\/page"}],"author":[{"embeddable":true,"href":"https:\/\/www.solar-ticino.com\/de\/wp-json\/wp\/v2\/users\/5"}],"replies":[{"embeddable":true,"href":"https:\/\/www.solar-ticino.com\/de\/wp-json\/wp\/v2\/comments?post=704"}],"version-history":[{"count":5,"href":"https:\/\/www.solar-ticino.com\/de\/wp-json\/wp\/v2\/pages\/704\/revisions"}],"predecessor-version":[{"id":839,"href":"https:\/\/www.solar-ticino.com\/de\/wp-json\/wp\/v2\/pages\/704\/revisions\/839"}],"wp:attachment":[{"href":"https:\/\/www.solar-ticino.com\/de\/wp-json\/wp\/v2\/media?parent=704"}],"curies":[{"name":"wp","href":"https:\/\/api.w.org\/{rel}","templated":true}]}}